{"id":17555,"date":"2025-04-14T07:31:07","date_gmt":"2025-04-14T05:31:07","guid":{"rendered":"https:\/\/www.av-kfz-gutachter.de\/?page_id=17555"},"modified":"2025-05-16T18:40:58","modified_gmt":"2025-05-16T16:40:58","slug":"impressum","status":"publish","type":"page","link":"https:\/\/www.av-kfz-gutachter.de\/ru\/impressum\/","title":{"rendered":"\u041e\u0442\u043f\u0435\u0447\u0430\u0442\u043e\u043a"},"content":{"rendered":"<div data-elementor-type=\"wp-page\" data-elementor-id=\"17555\" class=\"elementor elementor-17555\" data-elementor-post-type=\"page\">\n\t\t\t\t        <section class=\"elementor-section elementor-top-section elementor-element elementor-element-21a10e23 elementor-section-boxed elementor-section-height-default elementor-section-height-default pxl-row-scroll-none pxl-zoom-point-false pxl-section-overflow-visible\" data-id=\"21a10e23\" data-element_type=\"section\">\n\n                \n                <div class=\"elementor-container elementor-column-gap-default\">\n                <div class=\"elementor-column elementor-col-100 elementor-top-column elementor-element elementor-element-3cea627 pxl-column-none pxl-column-overflow-hidden-no\" data-id=\"3cea627\" data-element_type=\"column\">\r\n        <div class=\"elementor-widget-wrap elementor-element-populated\">\r\n                     \r\n        \t\t<div class=\"elementor-element elementor-element-39c571da elementor-widget elementor-widget-text-editor\" data-id=\"39c571da\" data-element_type=\"widget\" data-widget_type=\"text-editor.default\">\n\t\t\t\t<div class=\"elementor-widget-container\">\n\t\t\t\t\t\t\t\t\t<p>AV KFZ-GUTACHTER\u00a0<\/p><p><strong>Aschkan VALAJAN<\/strong><\/p><p>Lichtstra\u00dfe 2<br \/>45127 Essen<br \/>0157-516 310 03 info@av-kfz-gutachter.de<\/p><p>\u041d\u0430\u043b\u043e\u0433\u043e\u0432\u044b\u0439 \u043d\u043e\u043c\u0435\u0440: 111 5307 3096<\/p><h3>Haftung f\u00fcr Inhalte<\/h3><p>Die Inhalte unserer Seiten wurden mit gr\u00f6\u00dfter Sorgfalt erstellt. F\u00fcr die Richtigkeit, Vollst\u00e4ndigkeit und Aktualit\u00e4t der Inhalte k\u00f6nnen wir jedoch keine Gew\u00e4hr \u00fcbernehmen.<\/p><p>Als Diensteanbieter sind wir gem\u00e4\u00df \u00a7 7 Abs.1 TMG f\u00fcr eigene Inhalte auf diesen Seiten nach den allgemeinen Gesetzen verantwortlich. Nach \u00a7\u00a7 8 bis 10 TMG sind wir als Diensteanbieter jedoch nicht verpflichtet, \u00fcbermittelte oder gespeicherte fremde Informationen zu \u00fcberwachen oder nach Umst\u00e4nden zu forschen, die auf eine rechtswidrige T\u00e4tigkeit hinweisen. Verpflichtungen zur Entfernung oder Sperrung der Nutzung von Informationen nach den allgemeinen Gesetzen bleiben hiervon unber\u00fchrt. Eine diesbez\u00fcgliche Haftung ist jedoch erst ab dem Zeitpunkt der Kenntnis einer konkreten Rechtsverletzung m\u00f6glich. Bei bekannt werden von entsprechenden Rechtsverletzungen werden wir diese Inhalte umgehend entfernen.<\/p><h3>Haftung f\u00fcr Links<\/h3><p>Unser Angebot enth\u00e4lt Links zu externen Webseiten Dritter, auf deren Inhalte wir keinen Einfluss haben. Deshalb k\u00f6nnen wir f\u00fcr diese fremden Inhalte auch keine Gew\u00e4hr \u00fcbernehmen. F\u00fcr die Inhalte der verlinkten Seiten ist stets der jeweilige Anbieter oder Betreiber der Seiten verantwortlich. Die verlinkten Seiten wurden zum Zeitpunkt der Verlinkung auf m\u00f6gliche Rechtsverst\u00f6\u00dfe \u00fcberpr\u00fcft. Rechtswidrige Inhalte waren zum Zeitpunkt der Verlinkung nicht erkennbar. Eine permanente inhaltliche Kontrolle der verlinkten Seiten ist jedoch ohne konkrete Anhaltspunkte einer Rechtsverletzung nicht zumutbar. Bei bekannt werden von Rechtsverletzungen werden wir derartige Links umgehend entfernen.<\/p><h3>Urheberrecht<\/h3><p>Die durch die Seitenbetreiber erstellten Inhalte und Werke auf diesen Seiten unterliegen dem deutschen Urheberrecht. Beitr\u00e4ge Dritter sind als solche gekennzeichnet. Die Vervielf\u00e4ltigung, Bearbeitung, Verbreitung und jede Art der Verwertung au\u00dferhalb der Grenzen des Urheberrechtes bed\u00fcrfen der schriftlichen Zustimmung des jeweiligen Autors bzw. Erstellers. Downloads und Kopien dieser Seite sind nur f\u00fcr den privaten, nicht kommerziellen Gebrauch gestattet.<\/p><p>Die Betreiber der Seiten sind bem\u00fcht, stets die Urheberrechte anderer zu beachten bzw. auf selbst erstellte sowie lizenzfreie Werke zur\u00fcckzugreifen.<\/p><h3>Datenschutz<\/h3><p>Soweit auf unseren Seiten personenbezogene Daten (beispielsweise Name, Anschrift oder eMail-Adressen) erhoben werden, erfolgt dies soweit m\u00f6glich stets auf freiwilliger Basis. Die Nutzung der Angebote und Dienste ist &#8211; soweit m\u00f6glich &#8211; stets ohne Angabe personenbezogener Daten m\u00f6glich.<br \/>Wir weisen darauf hin, dass die Daten\u00fcbertragung im Internet (z.B. bei der Kommunikation per eMail) Sicherheitsl\u00fccken aufweisen kann. Ein l\u00fcckenloser Schutz der Daten vor dem Zugriff durch Dritte ist nicht m\u00f6glich.<br \/>Der Nutzung von im Rahmen der Impressumspflicht ver\u00f6ffentlichten Kontaktdaten durch Dritte zur \u00dcbersendung von nicht ausdr\u00fccklich angeforderter Werbung und Informationsmaterialien wird hiermit ausdr\u00fccklich widersprochen. Die Betreiber der Seiten behalten sich ausdr\u00fccklich rechtliche Schritte im Falle der unverlangten Zusendung von Werbeinformationen, etwa durch Spam-Mails, vor.<\/p><h3>Nutzung von Google Analytics<\/h3><p>Unsere Website benutzt Google Analytics, einen Webanalysedienst von Google. Google Analytics verwendet so genannte Cookies (kleine Textdateien), die auf Ihrem Computer gespeichert werden und die eine Analyse der Benutzung der Website durch Sie erm\u00f6glichen. Die durch die Cookie erzeugten Informationen \u00fcber Ihre Benutzung dieser Website (einschlie\u00dflich Ihrer IP-Adresse) werden an einen Server von Google in den USA \u00fcbertragen und dort gespeichert. Google wird diese Informationen benutzen, um Ihre Nutzung der Website auszuwerten, um Reports \u00fcber die Websiteaktivit\u00e4ten f\u00fcr die Website-Betreiber zusammenzustellen und um weitere mit der Websitenutzung und der Internetnutzung verbundene Dienstleistungen zu erbringen. Auch wird Google diese Informationen gegebenenfalls an Dritte \u00fcbertragen, sofern dieses gesetzlich vorgeschrieben ist oder soweit Dritte diese Daten im Auftrag von Google verarbeiten. Google wird in keinem Fall Ihre IP-Adresse mit anderen Daten von Google in Verbindung bringen. Sie k\u00f6nnen die Installation der Cookies durch eine entsprechende Einstellung in Ihrer Browser-Software verhindern, wir weisen Sie jedoch darauf hin, dass Sie in diesem Fall gegebenenfalls nicht s\u00e4mtliche Funktionen dieser Website in vollem Umfang nutzen k\u00f6nnen. Durch die Nutzung unserer Website erkl\u00e4ren Sie sich mit der Bearbeitung, der \u00fcber Sie erhobenen Daten durch Google, in der zuvor beschriebenen Art und Weise und zu dem zuvor benannten Zweck einverstanden.<\/p>\t\t\t\t\t\t\t\t<\/div>\n\t\t\t\t<\/div>\n\t\t            <\/div>\r\n        <\/div>\r\n        \t\t\t<\/div>\n\t\t<\/section>\n\t\t\t\t<\/div>","protected":false},"excerpt":{"rendered":"<p>AV KFZ-GUTACHTER Aschkan VALAJAN Lichtstra\u00dfe 2 45127 Essen 0157-516 310 03 info@av-kfz-gutachter.de Steuernummer:\u00a0111 5307 3096 Haftung f\u00fcr Inhalte Die Inhalte unserer Seiten wurden mit gr\u00f6\u00dfter Sorgfalt erstellt. F\u00fcr die Richtigkeit, Vollst\u00e4ndigkeit und Aktualit\u00e4t der Inhalte k\u00f6nnen wir jedoch keine Gew\u00e4hr \u00fcbernehmen. Als Diensteanbieter sind wir gem\u00e4\u00df \u00a7 7 Abs.1 TMG f\u00fcr eigene Inhalte auf diesen [&hellip;]<\/p>","protected":false},"author":1,"featured_media":0,"parent":0,"menu_order":0,"comment_status":"closed","ping_status":"closed","template":"","meta":{"footnotes":""},"class_list":["post-17555","page","type-page","status-publish","hentry"],"yoast_head":"<!-- This site is optimized with the Yoast SEO plugin v26.6 - https:\/\/yoast.com\/wordpress\/plugins\/seo\/ -->\n<title>Impressum<\/title>\n<meta name=\"robots\" content=\"index, follow, max-snippet:-1, max-image-preview:large, max-video-preview:-1\" \/>\n<link rel=\"canonical\" href=\"https:\/\/www.av-kfz-gutachter.de\/ru\/impressum\/\" \/>\n<meta property=\"og:locale\" content=\"ru_RU\" \/>\n<meta property=\"og:type\" content=\"article\" \/>\n<meta property=\"og:title\" content=\"Impressum\" \/>\n<meta property=\"og:description\" content=\"AV KFZ-GUTACHTER Aschkan VALAJAN Lichtstra\u00dfe 2 45127 Essen 0157-516 310 03 info@av-kfz-gutachter.de Steuernummer:\u00a0111 5307 3096 Haftung f\u00fcr Inhalte Die Inhalte unserer Seiten wurden mit gr\u00f6\u00dfter Sorgfalt erstellt. F\u00fcr die Richtigkeit, Vollst\u00e4ndigkeit und Aktualit\u00e4t der Inhalte k\u00f6nnen wir jedoch keine Gew\u00e4hr \u00fcbernehmen. Als Diensteanbieter sind wir gem\u00e4\u00df \u00a7 7 Abs.1 TMG f\u00fcr eigene Inhalte auf diesen [&hellip;]\" \/>\n<meta property=\"og:url\" content=\"https:\/\/www.av-kfz-gutachter.de\/ru\/impressum\/\" \/>\n<meta property=\"og:site_name\" content=\"Av Kfz-Gutachter\" \/>\n<meta property=\"article:modified_time\" content=\"2025-05-16T16:40:58+00:00\" \/>\n<meta property=\"og:image\" content=\"https:\/\/www.av-kfz-gutachter.de\/wp-content\/uploads\/2025\/04\/kfz-pic-19.jpeg\" \/>\n\t<meta property=\"og:image:width\" content=\"2048\" \/>\n\t<meta property=\"og:image:height\" content=\"1365\" \/>\n\t<meta property=\"og:image:type\" content=\"image\/jpeg\" \/>\n<meta name=\"twitter:card\" content=\"summary_large_image\" \/>\n<meta name=\"twitter:label1\" content=\"\u041f\u0440\u0438\u043c\u0435\u0440\u043d\u043e\u0435 \u0432\u0440\u0435\u043c\u044f \u0434\u043b\u044f \u0447\u0442\u0435\u043d\u0438\u044f\" \/>\n\t<meta name=\"twitter:data1\" content=\"4 \u043c\u0438\u043d\u0443\u0442\u044b\" \/>\n<script type=\"application\/ld+json\" class=\"yoast-schema-graph\">{\"@context\":\"https:\/\/schema.org\",\"@graph\":[{\"@type\":\"WebPage\",\"@id\":\"https:\/\/www.av-kfz-gutachter.de\/impressum\/\",\"url\":\"https:\/\/www.av-kfz-gutachter.de\/impressum\/\",\"name\":\"Impressum\",\"isPartOf\":{\"@id\":\"https:\/\/www.av-kfz-gutachter.de\/#website\"},\"datePublished\":\"2025-04-14T05:31:07+00:00\",\"dateModified\":\"2025-05-16T16:40:58+00:00\",\"breadcrumb\":{\"@id\":\"https:\/\/www.av-kfz-gutachter.de\/impressum\/#breadcrumb\"},\"inLanguage\":\"ru-RU\",\"potentialAction\":[{\"@type\":\"ReadAction\",\"target\":[\"https:\/\/www.av-kfz-gutachter.de\/impressum\/\"]}]},{\"@type\":\"BreadcrumbList\",\"@id\":\"https:\/\/www.av-kfz-gutachter.de\/impressum\/#breadcrumb\",\"itemListElement\":[{\"@type\":\"ListItem\",\"position\":1,\"name\":\"Home\",\"item\":\"https:\/\/www.av-kfz-gutachter.de\/\"},{\"@type\":\"ListItem\",\"position\":2,\"name\":\"Impressum\"}]},{\"@type\":\"WebSite\",\"@id\":\"https:\/\/www.av-kfz-gutachter.de\/#website\",\"url\":\"https:\/\/www.av-kfz-gutachter.de\/\",\"name\":\"Av Kfz-Gutachter\",\"description\":\"In der N\u00e4he in Essen, Dortmund, D\u00fcsseldorf &amp; Umgebung\",\"publisher\":{\"@id\":\"https:\/\/www.av-kfz-gutachter.de\/#organization\"},\"alternateName\":\"AV KFZ Gutachter\",\"potentialAction\":[{\"@type\":\"SearchAction\",\"target\":{\"@type\":\"EntryPoint\",\"urlTemplate\":\"https:\/\/www.av-kfz-gutachter.de\/?s={search_term_string}\"},\"query-input\":{\"@type\":\"PropertyValueSpecification\",\"valueRequired\":true,\"valueName\":\"search_term_string\"}}],\"inLanguage\":\"ru-RU\"},{\"@type\":\"Organization\",\"@id\":\"https:\/\/www.av-kfz-gutachter.de\/#organization\",\"name\":\"Av Kfz-Gutachter\",\"url\":\"https:\/\/www.av-kfz-gutachter.de\/\",\"logo\":{\"@type\":\"ImageObject\",\"inLanguage\":\"ru-RU\",\"@id\":\"https:\/\/www.av-kfz-gutachter.de\/#\/schema\/logo\/image\/\",\"url\":\"https:\/\/www.av-kfz-gutachter.de\/wp-content\/uploads\/2025\/03\/logo-dark.png\",\"contentUrl\":\"https:\/\/www.av-kfz-gutachter.de\/wp-content\/uploads\/2025\/03\/logo-dark.png\",\"width\":1176,\"height\":199,\"caption\":\"Av Kfz-Gutachter\"},\"image\":{\"@id\":\"https:\/\/www.av-kfz-gutachter.de\/#\/schema\/logo\/image\/\"},\"sameAs\":[\"https:\/\/www.instagram.com\/kfz_sachverstandiger_valajan\/\"]}]}<\/script>\n<!-- \/ Yoast SEO plugin. -->","yoast_head_json":{"title":"\u041e\u0442\u043f\u0435\u0447\u0430\u0442\u043e\u043a","robots":{"index":"index","follow":"follow","max-snippet":"max-snippet:-1","max-image-preview":"max-image-preview:large","max-video-preview":"max-video-preview:-1"},"canonical":"https:\/\/www.av-kfz-gutachter.de\/ru\/impressum\/","og_locale":"ru_RU","og_type":"article","og_title":"Impressum","og_description":"AV KFZ-GUTACHTER Aschkan VALAJAN Lichtstra\u00dfe 2 45127 Essen 0157-516 310 03 info@av-kfz-gutachter.de Steuernummer:\u00a0111 5307 3096 Haftung f\u00fcr Inhalte Die Inhalte unserer Seiten wurden mit gr\u00f6\u00dfter Sorgfalt erstellt. F\u00fcr die Richtigkeit, Vollst\u00e4ndigkeit und Aktualit\u00e4t der Inhalte k\u00f6nnen wir jedoch keine Gew\u00e4hr \u00fcbernehmen. Als Diensteanbieter sind wir gem\u00e4\u00df \u00a7 7 Abs.1 TMG f\u00fcr eigene Inhalte auf diesen [&hellip;]","og_url":"https:\/\/www.av-kfz-gutachter.de\/ru\/impressum\/","og_site_name":"Av Kfz-Gutachter","article_modified_time":"2025-05-16T16:40:58+00:00","og_image":[{"width":2048,"height":1365,"url":"https:\/\/www.av-kfz-gutachter.de\/wp-content\/uploads\/2025\/04\/kfz-pic-19.jpeg","type":"image\/jpeg"}],"twitter_card":"summary_large_image","twitter_misc":{"\u041f\u0440\u0438\u043c\u0435\u0440\u043d\u043e\u0435 \u0432\u0440\u0435\u043c\u044f \u0434\u043b\u044f \u0447\u0442\u0435\u043d\u0438\u044f":"4 \u043c\u0438\u043d\u0443\u0442\u044b"},"schema":{"@context":"https:\/\/schema.org","@graph":[{"@type":"WebPage","@id":"https:\/\/www.av-kfz-gutachter.de\/impressum\/","url":"https:\/\/www.av-kfz-gutachter.de\/impressum\/","name":"\u041e\u0442\u043f\u0435\u0447\u0430\u0442\u043e\u043a","isPartOf":{"@id":"https:\/\/www.av-kfz-gutachter.de\/#website"},"datePublished":"2025-04-14T05:31:07+00:00","dateModified":"2025-05-16T16:40:58+00:00","breadcrumb":{"@id":"https:\/\/www.av-kfz-gutachter.de\/impressum\/#breadcrumb"},"inLanguage":"ru-RU","potentialAction":[{"@type":"ReadAction","target":["https:\/\/www.av-kfz-gutachter.de\/impressum\/"]}]},{"@type":"BreadcrumbList","@id":"https:\/\/www.av-kfz-gutachter.de\/impressum\/#breadcrumb","itemListElement":[{"@type":"ListItem","position":1,"name":"Home","item":"https:\/\/www.av-kfz-gutachter.de\/"},{"@type":"ListItem","position":2,"name":"Impressum"}]},{"@type":"WebSite","@id":"https:\/\/www.av-kfz-gutachter.de\/#website","url":"https:\/\/www.av-kfz-gutachter.de\/","name":"Av Kfz-Gutachter","description":"In der N\u00e4he in Essen, Dortmund, D\u00fcsseldorf &amp; Umgebung","publisher":{"@id":"https:\/\/www.av-kfz-gutachter.de\/#organization"},"alternateName":"AV KFZ Gutachter","potentialAction":[{"@type":"SearchAction","target":{"@type":"EntryPoint","urlTemplate":"https:\/\/www.av-kfz-gutachter.de\/?s={search_term_string}"},"query-input":{"@type":"PropertyValueSpecification","valueRequired":true,"valueName":"search_term_string"}}],"inLanguage":"ru-RU"},{"@type":"Organization","@id":"https:\/\/www.av-kfz-gutachter.de\/#organization","name":"Av Kfz-Gutachter","url":"https:\/\/www.av-kfz-gutachter.de\/","logo":{"@type":"ImageObject","inLanguage":"ru-RU","@id":"https:\/\/www.av-kfz-gutachter.de\/#\/schema\/logo\/image\/","url":"https:\/\/www.av-kfz-gutachter.de\/wp-content\/uploads\/2025\/03\/logo-dark.png","contentUrl":"https:\/\/www.av-kfz-gutachter.de\/wp-content\/uploads\/2025\/03\/logo-dark.png","width":1176,"height":199,"caption":"Av Kfz-Gutachter"},"image":{"@id":"https:\/\/www.av-kfz-gutachter.de\/#\/schema\/logo\/image\/"},"sameAs":["https:\/\/www.instagram.com\/kfz_sachverstandiger_valajan\/"]}]}},"_links":{"self":[{"href":"https:\/\/www.av-kfz-gutachter.de\/ru\/wp-json\/wp\/v2\/pages\/17555","targetHints":{"allow":["GET"]}}],"collection":[{"href":"https:\/\/www.av-kfz-gutachter.de\/ru\/wp-json\/wp\/v2\/pages"}],"about":[{"href":"https:\/\/www.av-kfz-gutachter.de\/ru\/wp-json\/wp\/v2\/types\/page"}],"author":[{"embeddable":true,"href":"https:\/\/www.av-kfz-gutachter.de\/ru\/wp-json\/wp\/v2\/users\/1"}],"replies":[{"embeddable":true,"href":"https:\/\/www.av-kfz-gutachter.de\/ru\/wp-json\/wp\/v2\/comments?post=17555"}],"version-history":[{"count":0,"href":"https:\/\/www.av-kfz-gutachter.de\/ru\/wp-json\/wp\/v2\/pages\/17555\/revisions"}],"wp:attachment":[{"href":"https:\/\/www.av-kfz-gutachter.de\/ru\/wp-json\/wp\/v2\/media?parent=17555"}],"curies":[{"name":"wp","href":"https:\/\/api.w.org\/{rel}","templated":true}]}}