{"id":188,"date":"2024-04-16T02:41:00","date_gmt":"2024-04-16T02:41:00","guid":{"rendered":"https:\/\/demo.bravisthemes.com\/herrington\/?page_id=188"},"modified":"2025-05-21T00:09:14","modified_gmt":"2025-05-20T22:09:14","slug":"referenzen","status":"publish","type":"page","link":"https:\/\/www.av-kfz-gutachter.de\/fr\/referenzen\/","title":{"rendered":"R\u00e9f\u00e9rences"},"content":{"rendered":"<div data-elementor-type=\"wp-page\" data-elementor-id=\"188\" class=\"elementor elementor-188\" data-elementor-post-type=\"page\">\n\t\t\t\t        <section class=\"elementor-section elementor-top-section elementor-element elementor-element-ee19bf8 elementor-section-stretched elementor-section-boxed elementor-section-height-default elementor-section-height-default pxl-row-scroll-none pxl-zoom-point-false pxl-section-overflow-visible\" data-id=\"ee19bf8\" data-element_type=\"section\" data-settings=\"{&quot;stretch_section&quot;:&quot;section-stretched&quot;}\">\n\n                \n                <div class=\"elementor-container elementor-column-gap-extended\">\n                <div class=\"elementor-column elementor-col-100 elementor-top-column elementor-element elementor-element-ea87963 pxl-column-none pxl-column-overflow-hidden-no\" data-id=\"ea87963\" data-element_type=\"column\">\r\n        <div class=\"elementor-widget-wrap elementor-element-populated\">\r\n                     \r\n        \t\t<div class=\"elementor-element elementor-element-3348a34 pxl-post-layout-portfolio-1 elementor-widget elementor-widget-pxl_post_grid\" data-id=\"3348a34\" data-element_type=\"widget\" data-widget_type=\"pxl_post_grid.default\">\n\t\t\t\t<div class=\"elementor-widget-container\">\n\t\t\t\t\t\n<div id=\"pxl_post_grid-3348a34-8652\" class=\"pxl-grid pxl-portfolio-grid pxl-portfolio-grid-layout1 pxl-portfolio-style1\" data-start-page=\"1\" data-max-pages=\"1\" data-total=\"2\" data-perpage=\"12\" data-next-link=\"\" data-loadmore=\"{&quot;tax&quot;:[&quot;portfolio-category&quot;],&quot;post_type&quot;:&quot;portfolio&quot;,&quot;layout&quot;:&quot;portfolio-1&quot;,&quot;startPage&quot;:1,&quot;maxPages&quot;:1,&quot;total&quot;:2,&quot;filter&quot;:&quot;true&quot;,&quot;filter_type&quot;:&quot;normal&quot;,&quot;perpage&quot;:12,&quot;nextLink&quot;:&quot;&quot;,&quot;source&quot;:&quot;&quot;,&quot;orderby&quot;:&quot;date&quot;,&quot;order&quot;:&quot;desc&quot;,&quot;num_words&quot;:15,&quot;limit&quot;:12,&quot;post_ids&quot;:[],&quot;col_xl&quot;:4,&quot;col_lg&quot;:4,&quot;col_md&quot;:6,&quot;col_sm&quot;:6,&quot;col_xs&quot;:12,&quot;pagination_type&quot;:&quot;pagination&quot;,&quot;show_excerpt&quot;:&quot;&quot;,&quot;show_category&quot;:&quot;true&quot;,&quot;img_size&quot;:&quot;410x509&quot;,&quot;grid_masonry&quot;:&quot;&quot;,&quot;pxl_animate&quot;:&quot;&quot;}\" data-layout=\"masonry\">\n            <div class=\"pxl-grid-filter\">\n            <div class=\"pxl--filter-inner\">\n                <span class=\"filter-item active\" data-filter=\"*\">\n                    Tous les cas                    <span class=\"filter-item-count\">\n                        2                    <\/span> \n                <\/span>\n                                        <span class=\"filter-item\" data-filter=\".pkw-unfallgutachten\">\n                            Expertise d\u2019accident de voiture                            <span class=\"filter-item-count\">\n                                2                            <\/span> \n                        <\/span>\n                                                <\/div>\n        <\/div>\n    \n    <div class=\"pxl-grid-inner pxl-grid-masonry row\" data-gutter=\"15\">\n        <div class=\"grid-sizer col-xl-4 col-lg-4 col-md-6 col-sm-6 col-12\"><\/div>\n                        <div class=\"pxl-grid-item col-xl-4 col-lg-4 col-md-6 col-sm-6 col-12 pkw-unfallgutachten\">\n\n                    <div class=\"pxl-post--inner\" data-wow-duration=\"1.2s\">\n                        <div class=\"pxl-post--featured\">\n                            <a href=\"https:\/\/www.av-kfz-gutachter.de\/fr\/referenz\/pkw-unfallgutachten-mercedes-benz-c300\/\">   \n                                <img fetchpriority=\"high\" decoding=\"async\" class=\"no-lazyload\" src=\"https:\/\/www.av-kfz-gutachter.de\/wp-content\/uploads\/2025\/05\/IMG-20250515-WA0054-410x509.jpg\" width=\"410\" height=\"509\" alt=\"IMG-20250515-WA0054\" title=\"IMG-20250515-WA0054\" \/>                            <\/a>    \n                        <\/div>\n                        <div class=\"pxl-post--holder\">\n                            <h5 class=\"pxl-post--title\">\n                                <a href=\"https:\/\/www.av-kfz-gutachter.de\/fr\/referenz\/pkw-unfallgutachten-mercedes-benz-c300\/\">   \n                                    Expertise d\u2019accident de voiture \u2013 Mercedes Benz C300                                <\/a>    \n                            <\/h5>\n                                                            <div class=\"pxl-post--category\">\n                                    <a href=\"https:\/\/www.av-kfz-gutachter.de\/fr\/Referenzkategorien\/pkw-unfallgutachten\/\" rel=\"tag\">Expertise d\u2019accident de voiture<\/a>                                <\/div>\n                                                        <div class=\"pxl-post-content-hide\">\n                                <span class=\"divider\"><\/span>\n                                                                <a class=\"btn-readmore\" href=\"https:\/\/www.av-kfz-gutachter.de\/fr\/referenz\/pkw-unfallgutachten-mercedes-benz-c300\/\">   \n                                    <svg xmlns=\"http:\/\/www.w3.org\/2000\/svg\" xmlns:xlink=\"http:\/\/www.w3.org\/1999\/xlink\" width=\"32\" x=\"0\" y=\"0\" viewbox=\"0 0 1560 1560\" style=\"enable-background:new 0 0 512 512\" xml:space=\"preserve\" class=\"\"><g transform=\"matrix(1,0,0,1,4.999999999999545,4.547473508864641e-13)\"><path d=\"M1524 811.8H36c-17.7 0-32-14.3-32-32s14.3-32 32-32h1410.7l-194.2-194.2c-12.5-12.5-12.5-32.8 0-45.3s32.8-12.5 45.3 0l248.9 248.9c9.2 9.2 11.9 22.9 6.9 34.9-5 11.9-16.7 19.7-29.6 19.7z\" fill=\"#0a1119\" opacity=\"1\" data-original=\"#000000\"><\/path><path d=\"M1274.8 1061c-8.2 0-16.4-3.1-22.6-9.4-12.5-12.5-12.5-32.8 0-45.3l249.2-249.2c12.5-12.5 32.8-12.5 45.3 0s12.5 32.8 0 45.3l-249.2 249.2c-6.3 6.3-14.5 9.4-22.7 9.4z\" fill=\"#0a1119\" opacity=\"1\" data-original=\"#000000\"><\/path><\/g><\/svg>\n                                <\/a>\n                            <\/div>\n                        <\/div>\n                    <\/div>\n                <\/div>\n                                    <div class=\"pxl-grid-item col-xl-4 col-lg-4 col-md-6 col-sm-6 col-12 pkw-unfallgutachten\">\n\n                    <div class=\"pxl-post--inner\" data-wow-duration=\"1.2s\">\n                        <div class=\"pxl-post--featured\">\n                            <a href=\"https:\/\/www.av-kfz-gutachter.de\/fr\/referenz\/pkw-unfallgutachten-mercedes-transporter\/\">   \n                                <img decoding=\"async\" class=\"no-lazyload\" src=\"https:\/\/www.av-kfz-gutachter.de\/wp-content\/uploads\/2025\/04\/kfz-pic-19-410x509.jpeg\" width=\"410\" height=\"509\" alt=\"kfz-pic (19)\" title=\"kfz-pic (19)\" \/>                            <\/a>    \n                        <\/div>\n                        <div class=\"pxl-post--holder\">\n                            <h5 class=\"pxl-post--title\">\n                                <a href=\"https:\/\/www.av-kfz-gutachter.de\/fr\/referenz\/pkw-unfallgutachten-mercedes-transporter\/\">   \n                                    Expertise d\u2019accident de voiture \u2013 Mercedes Transporter                                <\/a>    \n                            <\/h5>\n                                                            <div class=\"pxl-post--category\">\n                                    <a href=\"https:\/\/www.av-kfz-gutachter.de\/fr\/Referenzkategorien\/pkw-unfallgutachten\/\" rel=\"tag\">Expertise d\u2019accident de voiture<\/a>                                <\/div>\n                                                        <div class=\"pxl-post-content-hide\">\n                                <span class=\"divider\"><\/span>\n                                                                <a class=\"btn-readmore\" href=\"https:\/\/www.av-kfz-gutachter.de\/fr\/referenz\/pkw-unfallgutachten-mercedes-transporter\/\">   \n                                    <svg xmlns=\"http:\/\/www.w3.org\/2000\/svg\" xmlns:xlink=\"http:\/\/www.w3.org\/1999\/xlink\" width=\"32\" x=\"0\" y=\"0\" viewbox=\"0 0 1560 1560\" style=\"enable-background:new 0 0 512 512\" xml:space=\"preserve\" class=\"\"><g transform=\"matrix(1,0,0,1,4.999999999999545,4.547473508864641e-13)\"><path d=\"M1524 811.8H36c-17.7 0-32-14.3-32-32s14.3-32 32-32h1410.7l-194.2-194.2c-12.5-12.5-12.5-32.8 0-45.3s32.8-12.5 45.3 0l248.9 248.9c9.2 9.2 11.9 22.9 6.9 34.9-5 11.9-16.7 19.7-29.6 19.7z\" fill=\"#0a1119\" opacity=\"1\" data-original=\"#000000\"><\/path><path d=\"M1274.8 1061c-8.2 0-16.4-3.1-22.6-9.4-12.5-12.5-12.5-32.8 0-45.3l249.2-249.2c12.5-12.5 32.8-12.5 45.3 0s12.5 32.8 0 45.3l-249.2 249.2c-6.3 6.3-14.5 9.4-22.7 9.4z\" fill=\"#0a1119\" opacity=\"1\" data-original=\"#000000\"><\/path><\/g><\/svg>\n                                <\/a>\n                            <\/div>\n                        <\/div>\n                    <\/div>\n                <\/div>\n                        <\/div>\n            <div class=\"pxl-grid-pagination\">\n                    <\/div>\n        <\/div>\t\t\t\t<\/div>\n\t\t\t\t<\/div>\n\t\t            <\/div>\r\n        <\/div>\r\n        \t\t\t<\/div>\n\t\t<\/section>\n\t\t\t\t<\/div>","protected":false},"excerpt":{"rendered":"<p>Consultez des exemples de nos expertises automobiles d\u2019accidents et constatez par vous-m\u00eame notre travail pr\u00e9cis et professionnel.<\/p>","protected":false},"author":1,"featured_media":17232,"parent":0,"menu_order":0,"comment_status":"closed","ping_status":"closed","template":"","meta":{"footnotes":""},"class_list":["post-188","page","type-page","status-publish","has-post-thumbnail","hentry"],"yoast_head":"<!-- This site is optimized with the Yoast SEO plugin v26.6 - https:\/\/yoast.com\/wordpress\/plugins\/seo\/ -->\n<title>Referenzen<\/title>\n<meta name=\"description\" content=\"Sehen Sie sich Beispiele unserer Kfz-Unfallgutachten an und \u00fcberzeugen Sie sich von unserer pr\u00e4zisen und professionellen Arbeit. Ihr unabh\u00e4ngiger Kfz-Gutachter in Essen, Dortmund, D\u00fcsseldorf, K\u00f6ln, Duisburg und Umgebung \u2013 zuverl\u00e4ssig f\u00fcr ganz Deutschland.\" \/>\n<meta name=\"robots\" content=\"index, follow, max-snippet:-1, max-image-preview:large, max-video-preview:-1\" \/>\n<link rel=\"canonical\" href=\"https:\/\/www.av-kfz-gutachter.de\/fr\/referenzen\/\" \/>\n<meta property=\"og:locale\" content=\"fr_FR\" \/>\n<meta property=\"og:type\" content=\"article\" \/>\n<meta property=\"og:title\" content=\"Referenzen\" \/>\n<meta property=\"og:description\" content=\"Sehen Sie sich Beispiele unserer Kfz-Unfallgutachten an und \u00fcberzeugen Sie sich von unserer pr\u00e4zisen und professionellen Arbeit. Ihr unabh\u00e4ngiger Kfz-Gutachter in Essen, Dortmund, D\u00fcsseldorf, K\u00f6ln, Duisburg und Umgebung \u2013 zuverl\u00e4ssig f\u00fcr ganz Deutschland.\" \/>\n<meta property=\"og:url\" content=\"https:\/\/www.av-kfz-gutachter.de\/fr\/referenzen\/\" \/>\n<meta property=\"og:site_name\" content=\"Av Kfz-Gutachter\" \/>\n<meta property=\"article:modified_time\" content=\"2025-05-20T22:09:14+00:00\" \/>\n<meta property=\"og:image\" content=\"https:\/\/www.av-kfz-gutachter.de\/wp-content\/uploads\/2025\/04\/Av-kfz2.jpeg\" \/>\n\t<meta property=\"og:image:width\" content=\"2048\" \/>\n\t<meta property=\"og:image:height\" content=\"1365\" \/>\n\t<meta property=\"og:image:type\" content=\"image\/jpeg\" \/>\n<meta name=\"twitter:card\" content=\"summary_large_image\" \/>\n<meta name=\"twitter:label1\" content=\"Dur\u00e9e de lecture estim\u00e9e\" \/>\n\t<meta name=\"twitter:data1\" content=\"1 minute\" \/>\n<script type=\"application\/ld+json\" class=\"yoast-schema-graph\">{\"@context\":\"https:\/\/schema.org\",\"@graph\":[{\"@type\":\"WebPage\",\"@id\":\"https:\/\/www.av-kfz-gutachter.de\/referenzen\/\",\"url\":\"https:\/\/www.av-kfz-gutachter.de\/referenzen\/\",\"name\":\"Referenzen\",\"isPartOf\":{\"@id\":\"https:\/\/www.av-kfz-gutachter.de\/#website\"},\"primaryImageOfPage\":{\"@id\":\"https:\/\/www.av-kfz-gutachter.de\/referenzen\/#primaryimage\"},\"image\":{\"@id\":\"https:\/\/www.av-kfz-gutachter.de\/referenzen\/#primaryimage\"},\"thumbnailUrl\":\"https:\/\/www.av-kfz-gutachter.de\/wp-content\/uploads\/2025\/04\/Av-kfz2.jpeg\",\"datePublished\":\"2024-04-16T02:41:00+00:00\",\"dateModified\":\"2025-05-20T22:09:14+00:00\",\"description\":\"Sehen Sie sich Beispiele unserer Kfz-Unfallgutachten an und \u00fcberzeugen Sie sich von unserer pr\u00e4zisen und professionellen Arbeit. Ihr unabh\u00e4ngiger Kfz-Gutachter in Essen, Dortmund, D\u00fcsseldorf, K\u00f6ln, Duisburg und Umgebung \u2013 zuverl\u00e4ssig f\u00fcr ganz Deutschland.\",\"breadcrumb\":{\"@id\":\"https:\/\/www.av-kfz-gutachter.de\/referenzen\/#breadcrumb\"},\"inLanguage\":\"fr-FR\",\"potentialAction\":[{\"@type\":\"ReadAction\",\"target\":[\"https:\/\/www.av-kfz-gutachter.de\/referenzen\/\"]}]},{\"@type\":\"ImageObject\",\"inLanguage\":\"fr-FR\",\"@id\":\"https:\/\/www.av-kfz-gutachter.de\/referenzen\/#primaryimage\",\"url\":\"https:\/\/www.av-kfz-gutachter.de\/wp-content\/uploads\/2025\/04\/Av-kfz2.jpeg\",\"contentUrl\":\"https:\/\/www.av-kfz-gutachter.de\/wp-content\/uploads\/2025\/04\/Av-kfz2.jpeg\",\"width\":2048,\"height\":1365},{\"@type\":\"BreadcrumbList\",\"@id\":\"https:\/\/www.av-kfz-gutachter.de\/referenzen\/#breadcrumb\",\"itemListElement\":[{\"@type\":\"ListItem\",\"position\":1,\"name\":\"Home\",\"item\":\"https:\/\/www.av-kfz-gutachter.de\/\"},{\"@type\":\"ListItem\",\"position\":2,\"name\":\"Referenzen\"}]},{\"@type\":\"WebSite\",\"@id\":\"https:\/\/www.av-kfz-gutachter.de\/#website\",\"url\":\"https:\/\/www.av-kfz-gutachter.de\/\",\"name\":\"Av Kfz-Gutachter\",\"description\":\"In der N\u00e4he in Essen, Dortmund, D\u00fcsseldorf &amp; Umgebung\",\"publisher\":{\"@id\":\"https:\/\/www.av-kfz-gutachter.de\/#organization\"},\"alternateName\":\"AV KFZ Gutachter\",\"potentialAction\":[{\"@type\":\"SearchAction\",\"target\":{\"@type\":\"EntryPoint\",\"urlTemplate\":\"https:\/\/www.av-kfz-gutachter.de\/?s={search_term_string}\"},\"query-input\":{\"@type\":\"PropertyValueSpecification\",\"valueRequired\":true,\"valueName\":\"search_term_string\"}}],\"inLanguage\":\"fr-FR\"},{\"@type\":\"Organization\",\"@id\":\"https:\/\/www.av-kfz-gutachter.de\/#organization\",\"name\":\"Av Kfz-Gutachter\",\"url\":\"https:\/\/www.av-kfz-gutachter.de\/\",\"logo\":{\"@type\":\"ImageObject\",\"inLanguage\":\"fr-FR\",\"@id\":\"https:\/\/www.av-kfz-gutachter.de\/#\/schema\/logo\/image\/\",\"url\":\"https:\/\/www.av-kfz-gutachter.de\/wp-content\/uploads\/2025\/03\/logo-dark.png\",\"contentUrl\":\"https:\/\/www.av-kfz-gutachter.de\/wp-content\/uploads\/2025\/03\/logo-dark.png\",\"width\":1176,\"height\":199,\"caption\":\"Av Kfz-Gutachter\"},\"image\":{\"@id\":\"https:\/\/www.av-kfz-gutachter.de\/#\/schema\/logo\/image\/\"},\"sameAs\":[\"https:\/\/www.instagram.com\/kfz_sachverstandiger_valajan\/\"]}]}<\/script>\n<!-- \/ Yoast SEO plugin. -->","yoast_head_json":{"title":"R\u00e9f\u00e9rences","description":"Consultez des exemples de nos expertises automobiles d\u2019accidents et constatez par vous-m\u00eame notre travail pr\u00e9cis et professionnel. Votre expert automobile ind\u00e9pendant \u00e0 Essen, Dortmund, D\u00fcsseldorf, Cologne, Duisburg et ses environs \u2013 fiable pour toute l\u2019Allemagne.","robots":{"index":"index","follow":"follow","max-snippet":"max-snippet:-1","max-image-preview":"max-image-preview:large","max-video-preview":"max-video-preview:-1"},"canonical":"https:\/\/www.av-kfz-gutachter.de\/fr\/referenzen\/","og_locale":"fr_FR","og_type":"article","og_title":"Referenzen","og_description":"Sehen Sie sich Beispiele unserer Kfz-Unfallgutachten an und \u00fcberzeugen Sie sich von unserer pr\u00e4zisen und professionellen Arbeit. Ihr unabh\u00e4ngiger Kfz-Gutachter in Essen, Dortmund, D\u00fcsseldorf, K\u00f6ln, Duisburg und Umgebung \u2013 zuverl\u00e4ssig f\u00fcr ganz Deutschland.","og_url":"https:\/\/www.av-kfz-gutachter.de\/fr\/referenzen\/","og_site_name":"Av Kfz-Gutachter","article_modified_time":"2025-05-20T22:09:14+00:00","og_image":[{"width":2048,"height":1365,"url":"https:\/\/www.av-kfz-gutachter.de\/wp-content\/uploads\/2025\/04\/Av-kfz2.jpeg","type":"image\/jpeg"}],"twitter_card":"summary_large_image","twitter_misc":{"Dur\u00e9e de lecture estim\u00e9e":"1 minute"},"schema":{"@context":"https:\/\/schema.org","@graph":[{"@type":"WebPage","@id":"https:\/\/www.av-kfz-gutachter.de\/referenzen\/","url":"https:\/\/www.av-kfz-gutachter.de\/referenzen\/","name":"R\u00e9f\u00e9rences","isPartOf":{"@id":"https:\/\/www.av-kfz-gutachter.de\/#website"},"primaryImageOfPage":{"@id":"https:\/\/www.av-kfz-gutachter.de\/referenzen\/#primaryimage"},"image":{"@id":"https:\/\/www.av-kfz-gutachter.de\/referenzen\/#primaryimage"},"thumbnailUrl":"https:\/\/www.av-kfz-gutachter.de\/wp-content\/uploads\/2025\/04\/Av-kfz2.jpeg","datePublished":"2024-04-16T02:41:00+00:00","dateModified":"2025-05-20T22:09:14+00:00","description":"Consultez des exemples de nos expertises automobiles d\u2019accidents et constatez par vous-m\u00eame notre travail pr\u00e9cis et professionnel. Votre expert automobile ind\u00e9pendant \u00e0 Essen, Dortmund, D\u00fcsseldorf, Cologne, Duisburg et ses environs \u2013 fiable pour toute l\u2019Allemagne.","breadcrumb":{"@id":"https:\/\/www.av-kfz-gutachter.de\/referenzen\/#breadcrumb"},"inLanguage":"fr-FR","potentialAction":[{"@type":"ReadAction","target":["https:\/\/www.av-kfz-gutachter.de\/referenzen\/"]}]},{"@type":"ImageObject","inLanguage":"fr-FR","@id":"https:\/\/www.av-kfz-gutachter.de\/referenzen\/#primaryimage","url":"https:\/\/www.av-kfz-gutachter.de\/wp-content\/uploads\/2025\/04\/Av-kfz2.jpeg","contentUrl":"https:\/\/www.av-kfz-gutachter.de\/wp-content\/uploads\/2025\/04\/Av-kfz2.jpeg","width":2048,"height":1365},{"@type":"BreadcrumbList","@id":"https:\/\/www.av-kfz-gutachter.de\/referenzen\/#breadcrumb","itemListElement":[{"@type":"ListItem","position":1,"name":"Home","item":"https:\/\/www.av-kfz-gutachter.de\/"},{"@type":"ListItem","position":2,"name":"Referenzen"}]},{"@type":"WebSite","@id":"https:\/\/www.av-kfz-gutachter.de\/#website","url":"https:\/\/www.av-kfz-gutachter.de\/","name":"Av Kfz-Gutachter","description":"In der N\u00e4he in Essen, Dortmund, D\u00fcsseldorf &amp; Umgebung","publisher":{"@id":"https:\/\/www.av-kfz-gutachter.de\/#organization"},"alternateName":"AV KFZ Gutachter","potentialAction":[{"@type":"SearchAction","target":{"@type":"EntryPoint","urlTemplate":"https:\/\/www.av-kfz-gutachter.de\/?s={search_term_string}"},"query-input":{"@type":"PropertyValueSpecification","valueRequired":true,"valueName":"search_term_string"}}],"inLanguage":"fr-FR"},{"@type":"Organization","@id":"https:\/\/www.av-kfz-gutachter.de\/#organization","name":"Av Kfz-Gutachter","url":"https:\/\/www.av-kfz-gutachter.de\/","logo":{"@type":"ImageObject","inLanguage":"fr-FR","@id":"https:\/\/www.av-kfz-gutachter.de\/#\/schema\/logo\/image\/","url":"https:\/\/www.av-kfz-gutachter.de\/wp-content\/uploads\/2025\/03\/logo-dark.png","contentUrl":"https:\/\/www.av-kfz-gutachter.de\/wp-content\/uploads\/2025\/03\/logo-dark.png","width":1176,"height":199,"caption":"Av Kfz-Gutachter"},"image":{"@id":"https:\/\/www.av-kfz-gutachter.de\/#\/schema\/logo\/image\/"},"sameAs":["https:\/\/www.instagram.com\/kfz_sachverstandiger_valajan\/"]}]}},"_links":{"self":[{"href":"https:\/\/www.av-kfz-gutachter.de\/fr\/wp-json\/wp\/v2\/pages\/188","targetHints":{"allow":["GET"]}}],"collection":[{"href":"https:\/\/www.av-kfz-gutachter.de\/fr\/wp-json\/wp\/v2\/pages"}],"about":[{"href":"https:\/\/www.av-kfz-gutachter.de\/fr\/wp-json\/wp\/v2\/types\/page"}],"author":[{"embeddable":true,"href":"https:\/\/www.av-kfz-gutachter.de\/fr\/wp-json\/wp\/v2\/users\/1"}],"replies":[{"embeddable":true,"href":"https:\/\/www.av-kfz-gutachter.de\/fr\/wp-json\/wp\/v2\/comments?post=188"}],"version-history":[{"count":0,"href":"https:\/\/www.av-kfz-gutachter.de\/fr\/wp-json\/wp\/v2\/pages\/188\/revisions"}],"wp:featuredmedia":[{"embeddable":true,"href":"https:\/\/www.av-kfz-gutachter.de\/fr\/wp-json\/wp\/v2\/media\/17232"}],"wp:attachment":[{"href":"https:\/\/www.av-kfz-gutachter.de\/fr\/wp-json\/wp\/v2\/media?parent=188"}],"curies":[{"name":"wp","href":"https:\/\/api.w.org\/{rel}","templated":true}]}}